{"id":2518,"date":"2025-12-09T22:53:27","date_gmt":"2025-12-09T22:53:27","guid":{"rendered":"https:\/\/uks-gladiator.pl\/?page_id=2518"},"modified":"2025-12-09T22:59:15","modified_gmt":"2025-12-09T22:59:15","slug":"obozy","status":"publish","type":"page","link":"https:\/\/uks-gladiator.pl\/?page_id=2518","title":{"rendered":"Obozy"},"content":{"rendered":"\n<p class=\"has-text-align-center has-large-font-size\"><strong>ZAPRASZAMY NA OBOZY GLADIATOR CAMP !!!<\/strong><\/p>\n\n\n\n<p>NAJBLI\u017bSZY OB\u00d3Z TO:<\/p>\n\n\n\n<p><a href=\"https:\/\/uks-gladiator.pl\/?page_id=2525\" data-type=\"page\" data-id=\"2525\">GLADIATOR CAMP BU\u0141GARIA 2026 (02-09.08.2026)<\/a> kliknij i przeczytaj wi\u0119cej!<br><img loading=\"lazy\" decoding=\"async\" width=\"150\" height=\"150\" class=\"wp-image-2519\" style=\"width: 150px;\" src=\"http:\/\/uks-gladiator.pl\/wp-content\/uploads\/2025\/12\/Plakat-oboz-Bulgaria-2026.jpg\" alt=\"\" srcset=\"https:\/\/uks-gladiator.pl\/wp-content\/uploads\/2025\/12\/Plakat-oboz-Bulgaria-2026.jpg 1080w, https:\/\/uks-gladiator.pl\/wp-content\/uploads\/2025\/12\/Plakat-oboz-Bulgaria-2026-300x300.jpg 300w, https:\/\/uks-gladiator.pl\/wp-content\/uploads\/2025\/12\/Plakat-oboz-Bulgaria-2026-1024x1024.jpg 1024w, https:\/\/uks-gladiator.pl\/wp-content\/uploads\/2025\/12\/Plakat-oboz-Bulgaria-2026-150x150.jpg 150w, https:\/\/uks-gladiator.pl\/wp-content\/uploads\/2025\/12\/Plakat-oboz-Bulgaria-2026-768x768.jpg 768w, https:\/\/uks-gladiator.pl\/wp-content\/uploads\/2025\/12\/Plakat-oboz-Bulgaria-2026-100x100.jpg 100w\" sizes=\"auto, (max-width: 150px) 100vw, 150px\" \/><\/p>\n\n\n\n<p><\/p>\n","protected":false},"excerpt":{"rendered":"<p>ZAPRASZAMY NA OBOZY GLADIATOR CAMP !!! NAJBLI\u017bSZY OB\u00d3Z TO: GLADIATOR CAMP BU\u0141GARIA 2026 (02-09.08.2026) kliknij i przeczytaj wi\u0119cej!<\/p>\n","protected":false},"author":1,"featured_media":0,"parent":0,"menu_order":0,"comment_status":"closed","ping_status":"closed","template":"","meta":{"footnotes":""},"class_list":["post-2518","page","type-page","status-publish","hentry"],"_links":{"self":[{"href":"https:\/\/uks-gladiator.pl\/index.php?rest_route=\/wp\/v2\/pages\/2518","targetHints":{"allow":["GET"]}}],"collection":[{"href":"https:\/\/uks-gladiator.pl\/index.php?rest_route=\/wp\/v2\/pages"}],"about":[{"href":"https:\/\/uks-gladiator.pl\/index.php?rest_route=\/wp\/v2\/types\/page"}],"author":[{"embeddable":true,"href":"https:\/\/uks-gladiator.pl\/index.php?rest_route=\/wp\/v2\/users\/1"}],"replies":[{"embeddable":true,"href":"https:\/\/uks-gladiator.pl\/index.php?rest_route=%2Fwp%2Fv2%2Fcomments&post=2518"}],"version-history":[{"count":9,"href":"https:\/\/uks-gladiator.pl\/index.php?rest_route=\/wp\/v2\/pages\/2518\/revisions"}],"predecessor-version":[{"id":2532,"href":"https:\/\/uks-gladiator.pl\/index.php?rest_route=\/wp\/v2\/pages\/2518\/revisions\/2532"}],"wp:attachment":[{"href":"https:\/\/uks-gladiator.pl\/index.php?rest_route=%2Fwp%2Fv2%2Fmedia&parent=2518"}],"curies":[{"name":"wp","href":"https:\/\/api.w.org\/{rel}","templated":true}]}}