{"id":32,"date":"2017-06-20T19:30:51","date_gmt":"2017-06-20T17:30:51","guid":{"rendered":"http:\/\/localhost\/wordpress-4.8\/wordpress\/?page_id=32"},"modified":"2025-12-03T12:04:40","modified_gmt":"2025-12-03T12:04:40","slug":"treningi","status":"publish","type":"page","link":"https:\/\/uks-gladiator.pl\/?page_id=32","title":{"rendered":"Treningi"},"content":{"rendered":"\n<div class=\"wp-block-columns is-layout-flex wp-container-core-columns-is-layout-9d6595d7 wp-block-columns-is-layout-flex\">\n<div class=\"wp-block-column is-layout-flow wp-block-column-is-layout-flow\" style=\"flex-basis:100%\">\n<p>Treningi odbywaj\u0105 si\u0119:<br \/>&#8211; Na naszej sali w Grybowie przy ul. Kochanowskiego 1A,<br \/>&#8211; W Szkole Podstawowej w Kru\u017clowej Wy\u017cnej<br \/>&#8211; Na &#8220;Sali Sportu&#8221; w Krynicy Zdr\u00f3j ul. Park Sportowy 5 (obok lodowiska)<br \/>&#8211; Na basenie w Hotelu Silesia w Krynicy Zdroju<\/p>\n<p>Zapisy do klubu przed ka\u017cdym treningiem lub telefonicznie pod numerem 503-523-883<\/p>\n<p>Grafik trening\u00f3w poszczeg\u00f3lnych trener\u00f3w mo\u017cesz zobaczy\u0107 tutaj:<\/p>\n\n\n\n<h2 class=\"wp-block-heading\">GRYB\u00d3W &#8211; <br><strong>TRENER AMADEUSZ KWIATKOWSKI<\/strong> &#8211; 503-523-883<br><strong>TRENERKA AGNIESZKA GABOREK<\/strong> &#8211; 531-464-387<\/h2>\n<\/div>\n<\/div>\n\n\n\n<figure class=\"wp-block-image size-large\"><img loading=\"lazy\" decoding=\"async\" width=\"1024\" height=\"724\" src=\"https:\/\/uks-gladiator.pl\/wp-content\/uploads\/2025\/12\/1-1024x724.png\" alt=\"\" class=\"wp-image-2513\" srcset=\"https:\/\/uks-gladiator.pl\/wp-content\/uploads\/2025\/12\/1-1024x724.png 1024w, https:\/\/uks-gladiator.pl\/wp-content\/uploads\/2025\/12\/1-300x212.png 300w, https:\/\/uks-gladiator.pl\/wp-content\/uploads\/2025\/12\/1-768x543.png 768w, https:\/\/uks-gladiator.pl\/wp-content\/uploads\/2025\/12\/1-1536x1086.png 1536w, https:\/\/uks-gladiator.pl\/wp-content\/uploads\/2025\/12\/1.png 2000w\" sizes=\"auto, (max-width: 767px) 89vw, (max-width: 1000px) 54vw, (max-width: 1071px) 543px, 580px\" \/><\/figure>\n\n\n\n<h2 class=\"wp-block-heading\">KICKBOXING KRYNICA ZDR\u00d3J\/KRU\u017bLOWA &#8211; <br><strong>TRENER ADRIAN MIGACZ<\/strong> &#8211; 500-359-382<br><strong>TRENERKA AGNIESZKA GABOREK<\/strong> &#8211; 531-464-387<\/h2>\n\n\n\n<figure class=\"wp-block-image size-large\"><img loading=\"lazy\" decoding=\"async\" width=\"1024\" height=\"724\" src=\"https:\/\/uks-gladiator.pl\/wp-content\/uploads\/2025\/12\/3-1024x724.png\" alt=\"\" class=\"wp-image-2514\" srcset=\"https:\/\/uks-gladiator.pl\/wp-content\/uploads\/2025\/12\/3-1024x724.png 1024w, https:\/\/uks-gladiator.pl\/wp-content\/uploads\/2025\/12\/3-300x212.png 300w, https:\/\/uks-gladiator.pl\/wp-content\/uploads\/2025\/12\/3-768x543.png 768w, https:\/\/uks-gladiator.pl\/wp-content\/uploads\/2025\/12\/3-1536x1086.png 1536w, https:\/\/uks-gladiator.pl\/wp-content\/uploads\/2025\/12\/3.png 2000w\" sizes=\"auto, (max-width: 767px) 89vw, (max-width: 1000px) 54vw, (max-width: 1071px) 543px, 580px\" \/><\/figure>\n\n\n\n<h2 class=\"wp-block-heading\"><strong>SEKCJA P\u0141YWACKA<\/strong><\/h2>\n\n\n\n<p><\/p>\n\n\n\n<p><strong>TRENERZY <\/strong><br><strong>JAKUB JAROSZ <\/strong>&#8211; 602-804-801<br><strong>ARKADIUSZ \u015aLIWA<\/strong> &#8211; 604-283-342<\/p>\n\n\n\n<figure class=\"wp-block-image size-large\"><img loading=\"lazy\" decoding=\"async\" width=\"1024\" height=\"724\" src=\"https:\/\/uks-gladiator.pl\/wp-content\/uploads\/2025\/08\/Grafik-Plywanie-2025-1024x724.jpg\" alt=\"\" class=\"wp-image-2437\" srcset=\"https:\/\/uks-gladiator.pl\/wp-content\/uploads\/2025\/08\/Grafik-Plywanie-2025-1024x724.jpg 1024w, https:\/\/uks-gladiator.pl\/wp-content\/uploads\/2025\/08\/Grafik-Plywanie-2025-300x212.jpg 300w, https:\/\/uks-gladiator.pl\/wp-content\/uploads\/2025\/08\/Grafik-Plywanie-2025-768x543.jpg 768w, https:\/\/uks-gladiator.pl\/wp-content\/uploads\/2025\/08\/Grafik-Plywanie-2025-1536x1086.jpg 1536w, https:\/\/uks-gladiator.pl\/wp-content\/uploads\/2025\/08\/Grafik-Plywanie-2025.jpg 2000w\" sizes=\"auto, (max-width: 767px) 89vw, (max-width: 1000px) 54vw, (max-width: 1071px) 543px, 580px\" \/><\/figure>\n","protected":false},"excerpt":{"rendered":"<p>Treningi odbywaj\u0105 si\u0119:&#8211; Na naszej sali w Grybowie przy ul. Kochanowskiego 1A,&#8211; W Szkole Podstawowej w Kru\u017clowej Wy\u017cnej&#8211; Na &#8220;Sali Sportu&#8221; w Krynicy Zdr\u00f3j ul. Park Sportowy 5 (obok lodowiska)&#8211; Na basenie w Hotelu Silesia w Krynicy Zdroju Zapisy do klubu przed ka\u017cdym treningiem lub telefonicznie pod numerem 503-523-883 Grafik trening\u00f3w poszczeg\u00f3lnych trener\u00f3w mo\u017cesz zobaczy\u0107 &hellip; <\/p>\n<p class=\"link-more\"><a href=\"https:\/\/uks-gladiator.pl\/?page_id=32\" class=\"more-link\">Continue reading<span class=\"screen-reader-text\"> &#8220;Treningi&#8221;<\/span><\/a><\/p>\n","protected":false},"author":1,"featured_media":0,"parent":0,"menu_order":0,"comment_status":"closed","ping_status":"closed","template":"","meta":{"footnotes":""},"class_list":["post-32","page","type-page","status-publish","hentry"],"_links":{"self":[{"href":"https:\/\/uks-gladiator.pl\/index.php?rest_route=\/wp\/v2\/pages\/32","targetHints":{"allow":["GET"]}}],"collection":[{"href":"https:\/\/uks-gladiator.pl\/index.php?rest_route=\/wp\/v2\/pages"}],"about":[{"href":"https:\/\/uks-gladiator.pl\/index.php?rest_route=\/wp\/v2\/types\/page"}],"author":[{"embeddable":true,"href":"https:\/\/uks-gladiator.pl\/index.php?rest_route=\/wp\/v2\/users\/1"}],"replies":[{"embeddable":true,"href":"https:\/\/uks-gladiator.pl\/index.php?rest_route=%2Fwp%2Fv2%2Fcomments&post=32"}],"version-history":[{"count":38,"href":"https:\/\/uks-gladiator.pl\/index.php?rest_route=\/wp\/v2\/pages\/32\/revisions"}],"predecessor-version":[{"id":2516,"href":"https:\/\/uks-gladiator.pl\/index.php?rest_route=\/wp\/v2\/pages\/32\/revisions\/2516"}],"wp:attachment":[{"href":"https:\/\/uks-gladiator.pl\/index.php?rest_route=%2Fwp%2Fv2%2Fmedia&parent=32"}],"curies":[{"name":"wp","href":"https:\/\/api.w.org\/{rel}","templated":true}]}}