{"id":8,"date":"2017-06-20T19:10:25","date_gmt":"2017-06-20T17:10:25","guid":{"rendered":"http:\/\/localhost\/wordpress-4.8\/wordpress\/?page_id=8"},"modified":"2025-12-09T23:14:17","modified_gmt":"2025-12-09T23:14:17","slug":"o-nas","status":"publish","type":"page","link":"https:\/\/uks-gladiator.pl\/?page_id=8","title":{"rendered":"O nas"},"content":{"rendered":"<h1>Troch\u0119 historii:<\/h1>\n<p>Klub powsta\u0142 z inicjatywy Amadeusza Kwiatkowskiego oraz jego ojca Kazimierza, fanatyk\u00f3w sport\u00f3w walki. Uczniowski Klub Sportowy Gladiator w Binczarowej zosta\u0142 zarejestrowany w styczniu 2012 r., jako stowarzyszenie kultury fizycznej, jednak treningi sekcji prowadzone by\u0142y ju\u017c od marca 2011 r.<\/p>\n<p><img loading=\"lazy\" decoding=\"async\" class=\"aligncenter wp-image-1290 size-large\" src=\"http:\/\/uks-gladiator.pl\/wp-content\/uploads\/2017\/06\/93188423_3131761703529395_2180459496365621248_n-1024x768.jpg\" alt=\"\" width=\"525\" height=\"394\" srcset=\"https:\/\/uks-gladiator.pl\/wp-content\/uploads\/2017\/06\/93188423_3131761703529395_2180459496365621248_n-1024x768.jpg 1024w, https:\/\/uks-gladiator.pl\/wp-content\/uploads\/2017\/06\/93188423_3131761703529395_2180459496365621248_n-300x225.jpg 300w, https:\/\/uks-gladiator.pl\/wp-content\/uploads\/2017\/06\/93188423_3131761703529395_2180459496365621248_n-768x576.jpg 768w, https:\/\/uks-gladiator.pl\/wp-content\/uploads\/2017\/06\/93188423_3131761703529395_2180459496365621248_n.jpg 1760w\" sizes=\"auto, (max-width: 525px) 100vw, 525px\" \/><\/p>\n<h1>Obecnie:<\/h1>\n<p><img loading=\"lazy\" decoding=\"async\" class=\"aligncenter wp-image-1279 size-large\" src=\"http:\/\/uks-gladiator.pl\/wp-content\/uploads\/2017\/06\/sponsorzy-fb-zdj\u0119cie-w-tle-1024x465.png\" alt=\"\" width=\"525\" height=\"238\" srcset=\"https:\/\/uks-gladiator.pl\/wp-content\/uploads\/2017\/06\/sponsorzy-fb-zdj\u0119cie-w-tle-1024x465.png 1024w, https:\/\/uks-gladiator.pl\/wp-content\/uploads\/2017\/06\/sponsorzy-fb-zdj\u0119cie-w-tle-300x136.png 300w, https:\/\/uks-gladiator.pl\/wp-content\/uploads\/2017\/06\/sponsorzy-fb-zdj\u0119cie-w-tle-768x349.png 768w, https:\/\/uks-gladiator.pl\/wp-content\/uploads\/2017\/06\/sponsorzy-fb-zdj\u0119cie-w-tle.png 1147w\" sizes=\"auto, (max-width: 525px) 100vw, 525px\" \/><\/p>\n<p>Nasz klub oferuje zaj\u0119cia treningowe z zakresu kickboxingu, boksu, p\u0142ywania, pilates, BPU, Aktywny Senior. \u0141\u0105cznie w naszych szeregach trenuje oko\u0142o 300 os\u00f3b podzielonych na ro\u017cne sekcje. Zawodnicy Gladiatora to ludzie w przedziale wiekowym od lat 3 do 70+ a wi\u0119c treningi przeznaczone s\u0105 dla wszystkich ! nie zale\u017cnie od wieku, p\u0142ci oraz sprawno\u015bci fizycznej. Najwi\u0119ksze sukcesy nasi zawodnicy odnosz\u0105 w kickboxingu gdzie zdobywaj\u0105 tytu\u0142y Mistrzostw Polski, Europy i \u015awiata. Opr\u00f3cz walor\u00f3w sportowych Kickboxing jest \u015bwietnym sposobem na poprawienie swojej sylwetki, zrzucenie parku kilogram\u00f3w czy popraw\u0119 swojej kondycji i og\u00f3lnej wydolno\u015bci organizmu.<\/p>\n<p>Zapraszamy wszystkich zainteresowanych, zapisy przed ka\u017cdym treningiem u trenera Amadeusza Kwiatkowskiego.<\/p>\n<p>&nbsp;<\/p>\n","protected":false},"excerpt":{"rendered":"<p>Troch\u0119 historii: Klub powsta\u0142 z inicjatywy Amadeusza Kwiatkowskiego oraz jego ojca Kazimierza, fanatyk\u00f3w sport\u00f3w walki. Uczniowski Klub Sportowy Gladiator w Binczarowej zosta\u0142 zarejestrowany w styczniu 2012 r., jako stowarzyszenie kultury fizycznej, jednak treningi sekcji prowadzone by\u0142y ju\u017c od marca 2011 r. Obecnie: Nasz klub oferuje zaj\u0119cia treningowe z zakresu kickboxingu, boksu, p\u0142ywania, pilates, BPU, Aktywny &hellip; <\/p>\n<p class=\"link-more\"><a href=\"https:\/\/uks-gladiator.pl\/?page_id=8\" class=\"more-link\">Continue reading<span class=\"screen-reader-text\"> &#8220;O nas&#8221;<\/span><\/a><\/p>\n","protected":false},"author":1,"featured_media":0,"parent":0,"menu_order":0,"comment_status":"closed","ping_status":"closed","template":"","meta":{"footnotes":""},"class_list":["post-8","page","type-page","status-publish","hentry"],"_links":{"self":[{"href":"https:\/\/uks-gladiator.pl\/index.php?rest_route=\/wp\/v2\/pages\/8","targetHints":{"allow":["GET"]}}],"collection":[{"href":"https:\/\/uks-gladiator.pl\/index.php?rest_route=\/wp\/v2\/pages"}],"about":[{"href":"https:\/\/uks-gladiator.pl\/index.php?rest_route=\/wp\/v2\/types\/page"}],"author":[{"embeddable":true,"href":"https:\/\/uks-gladiator.pl\/index.php?rest_route=\/wp\/v2\/users\/1"}],"replies":[{"embeddable":true,"href":"https:\/\/uks-gladiator.pl\/index.php?rest_route=%2Fwp%2Fv2%2Fcomments&post=8"}],"version-history":[{"count":19,"href":"https:\/\/uks-gladiator.pl\/index.php?rest_route=\/wp\/v2\/pages\/8\/revisions"}],"predecessor-version":[{"id":2546,"href":"https:\/\/uks-gladiator.pl\/index.php?rest_route=\/wp\/v2\/pages\/8\/revisions\/2546"}],"wp:attachment":[{"href":"https:\/\/uks-gladiator.pl\/index.php?rest_route=%2Fwp%2Fv2%2Fmedia&parent=8"}],"curies":[{"name":"wp","href":"https:\/\/api.w.org\/{rel}","templated":true}]}}